{"id":5,"date":"2022-08-02T11:52:44","date_gmt":"2022-08-02T09:52:44","guid":{"rendered":"https:\/\/lecoeurnecedepas.fr\/?page_id=5"},"modified":"2023-05-15T10:48:18","modified_gmt":"2023-05-15T08:48:18","slug":"le-mur","status":"publish","type":"page","link":"https:\/\/lecoeurnecedepas.fr\/","title":{"rendered":"Le c\u0153ur ne c\u00e8de pas"},"content":{"rendered":"\n<p class=\"has-text-align-left\">Bienvenue chez Bmore&amp;Investigations ! <br> Voici le dossier Marcelle Pichon r\u00e9uni par Bmore et Penny dans <em>Le C\u0153ur ne c\u00e8de pas<\/em>  de Gr\u00e9goire Bouillier, \u00e9ditions Flammarion, 2022. <\/p>\n\n\n<p><img decoding=\"async\" class=\"alignleft\" src=\"https:\/\/lecoeurnecedepas.fr\/wp-content\/uploads\/2022\/08\/01b-f.jpg\" usemap=\"#image-map\" \/><\/p>\n<p><map name=\"image-map\"> \n<area title=\"01\" alt=\"01\" coords=\"216,187,351,323\" shape=\"rect\" href=\"https:\/\/lecoeurnecedepas.fr\/?p=10\" target=\"_self\" \/>\n \n<area title=\"02\" alt=\"02\" coords=\"478,733,596,851\" shape=\"rect\" href=\"https:\/\/lecoeurnecedepas.fr\/?p=23\" target=\"_self\" \/>\n \n<area title=\"03\" alt=\"03\" coords=\"243,1637,370,1753\" shape=\"rect\" href=\"https:\/\/lecoeurnecedepas.fr\/?p=25\" target=\"_self\" \/>\n \n<area title=\"04\" alt=\"04\" coords=\"1177,980,1283,1084\" shape=\"rect\" href=\"https:\/\/lecoeurnecedepas.fr\/?p=27\" target=\"_self\" \/>\n \n<area title=\"05\" alt=\"05\" coords=\"2342,912,2427,1000\" shape=\"rect\" href=\"https:\/\/lecoeurnecedepas.fr\/?p=30\" target=\"_self\" \/>\n \n<area title=\"06\" alt=\"06\" coords=\"2434,1068,2525,969\" shape=\"rect\" href=\"https:\/\/lecoeurnecedepas.fr\/?p=32\" target=\"_self\" \/>\n \n<area title=\"07\" alt=\"07\" coords=\"985,224,1095,330\" shape=\"rect\" href=\"https:\/\/lecoeurnecedepas.fr\/?p=34\" target=\"_self\" \/>\n \n<area title=\"08\" alt=\"08\" coords=\"1679,1702,1781,1797\" shape=\"rect\" href=\"https:\/\/lecoeurnecedepas.fr\/?p=36\" target=\"_self\" \/>\n \n<area title=\"09\" alt=\"09\" coords=\"2416,1657,2541,1795\" shape=\"rect\" href=\"https:\/\/lecoeurnecedepas.fr\/?p=38\" target=\"_self\" \/>\n \n<area title=\"10\" alt=\"10\" coords=\"2224,86,2373,219\" shape=\"rect\" href=\"https:\/\/lecoeurnecedepas.fr\/?p=40\" target=\"_self\" \/>\n \n<area title=\"11\" alt=\"11\" coords=\"390,879,510,993\" shape=\"rect\" href=\"https:\/\/lecoeurnecedepas.fr\/?p=42\" target=\"_self\" \/>\n \n<area title=\"12\" alt=\"12\" coords=\"1272,188,1392,296\" shape=\"rect\" href=\"https:\/\/lecoeurnecedepas.fr\/?p=44\" target=\"_self\" \/>\n \n<area title=\"13\" alt=\"13\" coords=\"243,575,363,700\" shape=\"rect\" href=\"https:\/\/lecoeurnecedepas.fr\/?p=46\" target=\"_self\" \/>\n \n<area title=\"14\" alt=\"14\" coords=\"1763,1002,1887,1103\" shape=\"rect\" href=\"https:\/\/lecoeurnecedepas.fr\/?p=48\" target=\"_self\" \/>\n \n<area title=\"15\" alt=\"15\" coords=\"2210,1470,2323,1579\" shape=\"rect\" href=\"https:\/\/lecoeurnecedepas.fr\/?p=50\" target=\"_self\" \/>\n \n<area title=\"16\" alt=\"16\" coords=\"48,685,171,796\" shape=\"rect\" href=\"https:\/\/lecoeurnecedepas.fr\/?p=590\" target=\"_self\" \/>\n \n<area title=\"17\" alt=\"17\" coords=\"799,548,933,664\" shape=\"rect\" href=\"https:\/\/lecoeurnecedepas.fr\/?p=54\" target=\"_self\" \/>\n \n<area title=\"18\" alt=\"18\" coords=\"1636,875,1767,979\" shape=\"rect\" href=\"https:\/\/lecoeurnecedepas.fr\/?p=56\" target=\"_self\" \/>\n \n<area title=\"19\" alt=\"19\" coords=\"921,1011,1025,1122\" shape=\"rect\" href=\"https:\/\/lecoeurnecedepas.fr\/?p=58\" target=\"_self\" \/>\n \n<area title=\"20\" alt=\"20\" coords=\"55,1619,155,1718\" shape=\"rect\" href=\"https:\/\/lecoeurnecedepas.fr\/?p=60\" target=\"_self\" \/>\n \n<area title=\"21\" alt=\"21\" coords=\"1012,479,1134,583\" shape=\"rect\" href=\"https:\/\/lecoeurnecedepas.fr\/?p=62\" target=\"_self\" \/>\n \n<area title=\"22\" alt=\"22\" coords=\"1288,1137,1389,1237\" shape=\"rect\" href=\"https:\/\/lecoeurnecedepas.fr\/?p=64\" target=\"_self\" \/>\n \n<area title=\"23\" alt=\"23\" coords=\"1166,840,1288,949\" shape=\"rect\" href=\"https:\/\/lecoeurnecedepas.fr\/?p=66\" target=\"_self\" \/>\n \n<area title=\"24\" alt=\"24\" coords=\"1751,1469,1867,1571\" shape=\"rect\" href=\"https:\/\/lecoeurnecedepas.fr\/?p=68\" target=\"_self\" \/>\n \n<area title=\"25\" alt=\"25\" coords=\"1437,1606,1564,1725\" shape=\"rect\" href=\"https:\/\/lecoeurnecedepas.fr\/?p=70\" target=\"_self\" \/>\n \n<area title=\"26\" alt=\"26\" coords=\"1751,1304,1871,1412\" shape=\"rect\" href=\"https:\/\/lecoeurnecedepas.fr\/?p=72\" target=\"_self\" \/>\n \n<area title=\"27\" alt=\"27\" coords=\"978,1563,1093,1676\" shape=\"rect\" href=\"https:\/\/lecoeurnecedepas.fr\/?p=74\" target=\"_self\" \/>\n \n<area title=\"28\" alt=\"28\" coords=\"795,1406,903,1521\" shape=\"rect\" href=\"https:\/\/lecoeurnecedepas.fr\/?p=76\" target=\"_self\" \/>\n \n<area title=\"29\" alt=\"29\" coords=\"1625,100,1742,210\" shape=\"rect\" href=\"https:\/\/lecoeurnecedepas.fr\/?p=78\" target=\"_self\" \/>\n \n<area title=\"30\" alt=\"30\" coords=\"1907,1314,2029,1423\" shape=\"rect\" href=\"https:\/\/lecoeurnecedepas.fr\/?p=80\" target=\"_self\" \/>\n \n<area title=\"31\" alt=\"31\" coords=\"2197,804,2305,908\" shape=\"rect\" href=\"https:\/\/lecoeurnecedepas.fr\/?p=82\" target=\"_self\" \/>\n \n<area title=\"32\" alt=\"32\" coords=\"1661,486,1787,604\" shape=\"rect\" href=\"https:\/\/lecoeurnecedepas.fr\/?p=84\" target=\"_self\" \/>\n \n<area title=\"33\" alt=\"33\" coords=\"412,1254,553,1358\" shape=\"rect\" href=\"https:\/\/lecoeurnecedepas.fr\/?p=86\" target=\"_self\" \/>\n \n<area title=\"34\" alt=\"34\" coords=\"623,162,740,266\" shape=\"rect\" href=\"https:\/\/lecoeurnecedepas.fr\/?p=88\" target=\"_self\" \/>\n \n<area title=\"35\" alt=\"35\" coords=\"1971,768,2088,884\" shape=\"rect\" href=\"https:\/\/lecoeurnecedepas.fr\/?p=90\" target=\"_self\" \/>\n \n<area title=\"36\" alt=\"36\" coords=\"2124,468,2242,576\" shape=\"rect\" href=\"https:\/\/lecoeurnecedepas.fr\/?p=92\" target=\"_self\" \/>\n \n<area title=\"37\" alt=\"37\" coords=\"1763,211,1871,319\" shape=\"rect\" href=\"https:\/\/lecoeurnecedepas.fr\/?p=94\" target=\"_self\" \/>\n \n<area title=\"38\" alt=\"38\" coords=\"1224,1333,1337,1432\" shape=\"rect\" href=\"https:\/\/lecoeurnecedepas.fr\/?p=96\" target=\"_self\" \/>\n \n<area title=\"39\" alt=\"39\" coords=\"1138,1212,1245,1307\" shape=\"rect\" href=\"https:\/\/lecoeurnecedepas.fr\/?p=98\" target=\"_self\" \/>\n \n<area title=\"40\" alt=\"40\" coords=\"867,1706,982,1812\" shape=\"rect\" href=\"https:\/\/lecoeurnecedepas.fr\/?p=100\" target=\"_self\" \/>\n \n<area title=\"41\" alt=\"41\" coords=\"2276,1248,2394,1363\" shape=\"rect\" href=\"https:\/\/lecoeurnecedepas.fr\/?p=102\" target=\"_self\" \/>\n \n<area title=\"42\" alt=\"42\" coords=\"229,1373,351,1479\" shape=\"rect\" href=\"https:\/\/lecoeurnecedepas.fr\/?p=104\" target=\"_self\" \/>\n \n<area title=\"43\" alt=\"43\" coords=\"537,147,460,88\" shape=\"rect\" href=\"https:\/\/lecoeurnecedepas.fr\/?p=756\" target=\"_self\" \/>\n \n<area title=\"44\" alt=\"44\" coords=\"2314,1728,2378,1798\" shape=\"rect\" href=\"https:\/\/lecoeurnecedepas.fr\/?p=765\" target=\"_self\" \/>\n <\/map><\/p>\n<p>\u00a0<\/p>\n\n\n<p><\/p>\n\n\n\n<p class=\"has-small-font-size\">\u00a9 Bmore&amp;Investigations, 2022 sauf mentions contraires \u2013 photo du mur d&rsquo;enqu\u00eate \u00a9 Lo\u00efc Chaslin \u2013 contact <a href=\"mailto:bmore.et.investigations@gmail.com\">bmore.et.investigations@gmail.com<\/a> <\/p>\n","protected":false},"excerpt":{"rendered":"<p>Bienvenue chez Bmore&amp;Investigations ! Voici le dossier Marcelle Pichon r\u00e9uni par Bmore et Penny dans Le C\u0153ur ne c\u00e8de pas de Gr\u00e9goire Bouillier, \u00e9ditions Flammarion, 2022. \u00a0 \u00a9 Bmore&amp;Investigations, 2022 sauf mentions contraires \u2013 photo du mur d&rsquo;enqu\u00eate \u00a9 Lo\u00efc Chaslin \u2013 contact bmore.et.investigations@gmail.com<\/p>\n","protected":false},"author":1,"featured_media":0,"parent":0,"menu_order":0,"comment_status":"closed","ping_status":"closed","template":"wp-custom-template-page","meta":{"footnotes":""},"class_list":["post-5","page","type-page","status-publish","hentry"],"jetpack_sharing_enabled":true,"_links":{"self":[{"href":"https:\/\/lecoeurnecedepas.fr\/index.php?rest_route=\/wp\/v2\/pages\/5","targetHints":{"allow":["GET"]}}],"collection":[{"href":"https:\/\/lecoeurnecedepas.fr\/index.php?rest_route=\/wp\/v2\/pages"}],"about":[{"href":"https:\/\/lecoeurnecedepas.fr\/index.php?rest_route=\/wp\/v2\/types\/page"}],"author":[{"embeddable":true,"href":"https:\/\/lecoeurnecedepas.fr\/index.php?rest_route=\/wp\/v2\/users\/1"}],"replies":[{"embeddable":true,"href":"https:\/\/lecoeurnecedepas.fr\/index.php?rest_route=%2Fwp%2Fv2%2Fcomments&post=5"}],"version-history":[{"count":40,"href":"https:\/\/lecoeurnecedepas.fr\/index.php?rest_route=\/wp\/v2\/pages\/5\/revisions"}],"predecessor-version":[{"id":1083,"href":"https:\/\/lecoeurnecedepas.fr\/index.php?rest_route=\/wp\/v2\/pages\/5\/revisions\/1083"}],"wp:attachment":[{"href":"https:\/\/lecoeurnecedepas.fr\/index.php?rest_route=%2Fwp%2Fv2%2Fmedia&parent=5"}],"curies":[{"name":"wp","href":"https:\/\/api.w.org\/{rel}","templated":true}]}}